{"id":1517,"date":"2021-04-12T16:48:58","date_gmt":"2021-04-12T16:48:58","guid":{"rendered":"https:\/\/congreso.seguridadpaciente.es\/2021\/?page_id=1517"},"modified":"2021-05-12T11:41:12","modified_gmt":"2021-05-12T11:41:12","slug":"acreditaciones","status":"publish","type":"page","link":"https:\/\/congreso.seguridadpaciente.es\/2021\/acreditaciones\/","title":{"rendered":"Acreditaciones"},"content":{"rendered":"\t\t<div data-elementor-type=\"wp-page\" data-elementor-id=\"1517\" class=\"elementor elementor-1517\" data-elementor-post-type=\"page\">\n\t\t\t\t\t\t<section class=\"elementor-section elementor-top-section elementor-element elementor-element-ceda079 elementor-section-boxed elementor-section-height-default elementor-section-height-default\" data-id=\"ceda079\" data-element_type=\"section\" data-e-type=\"section\" data-settings=\"{&quot;jet_parallax_layout_list&quot;:[{&quot;jet_parallax_layout_image&quot;:{&quot;url&quot;:&quot;&quot;,&quot;id&quot;:&quot;&quot;,&quot;size&quot;:&quot;&quot;},&quot;_id&quot;:&quot;bc18d74&quot;,&quot;jet_parallax_layout_image_tablet&quot;:{&quot;url&quot;:&quot;&quot;,&quot;id&quot;:&quot;&quot;,&quot;size&quot;:&quot;&quot;},&quot;jet_parallax_layout_image_mobile&quot;:{&quot;url&quot;:&quot;&quot;,&quot;id&quot;:&quot;&quot;,&quot;size&quot;:&quot;&quot;},&quot;jet_parallax_layout_speed&quot;:{&quot;unit&quot;:&quot;%&quot;,&quot;size&quot;:50,&quot;sizes&quot;:[]},&quot;jet_parallax_layout_type&quot;:&quot;scroll&quot;,&quot;jet_parallax_layout_direction&quot;:&quot;1&quot;,&quot;jet_parallax_layout_fx_direction&quot;:null,&quot;jet_parallax_layout_z_index&quot;:&quot;&quot;,&quot;jet_parallax_layout_bg_x&quot;:50,&quot;jet_parallax_layout_bg_x_tablet&quot;:&quot;&quot;,&quot;jet_parallax_layout_bg_x_mobile&quot;:&quot;&quot;,&quot;jet_parallax_layout_bg_y&quot;:50,&quot;jet_parallax_layout_bg_y_tablet&quot;:&quot;&quot;,&quot;jet_parallax_layout_bg_y_mobile&quot;:&quot;&quot;,&quot;jet_parallax_layout_bg_size&quot;:&quot;auto&quot;,&quot;jet_parallax_layout_bg_size_tablet&quot;:&quot;&quot;,&quot;jet_parallax_layout_bg_size_mobile&quot;:&quot;&quot;,&quot;jet_parallax_layout_animation_prop&quot;:&quot;transform&quot;,&quot;jet_parallax_layout_on&quot;:[&quot;desktop&quot;,&quot;tablet&quot;]}]}\">\n\t\t\t\t\t\t<div class=\"elementor-container elementor-column-gap-default\">\n\t\t\t\t\t<div class=\"elementor-column elementor-col-100 elementor-top-column elementor-element elementor-element-3f0fd11\" data-id=\"3f0fd11\" data-element_type=\"column\" data-e-type=\"column\">\n\t\t\t<div class=\"elementor-widget-wrap elementor-element-populated\">\n\t\t\t\t\t\t<div class=\"elementor-element elementor-element-42cf296 elementor-widget elementor-widget-heading\" data-id=\"42cf296\" data-element_type=\"widget\" data-e-type=\"widget\" data-widget_type=\"heading.default\">\n\t\t\t\t<div class=\"elementor-widget-container\">\n\t\t\t\t\t<h3 class=\"elementor-heading-title elementor-size-default\">Concedido el Reconocimiento de Inter\u00e9s Sanitario (RIS) <\/h3>\t\t\t\t<\/div>\n\t\t\t\t<\/div>\n\t\t\t\t<div class=\"elementor-element elementor-element-4229a6f elementor-widget elementor-widget-text-editor\" data-id=\"4229a6f\" data-element_type=\"widget\" data-e-type=\"widget\" data-widget_type=\"text-editor.default\">\n\t\t\t\t<div class=\"elementor-widget-container\">\n\t\t\t\t\t\t\t\t\tEl Ministerios de Sanidad ha otorgado el Reconocimiento de Inter\u00e9s Sanitario al I CONGRESO DE SEGURIDAD DEL PACIENTE. NUEVOS TIEMPOS. AVANZAMOS CONTIGO.\n<blockquote><a href=\"https:\/\/congreso.seguridadpaciente.es\/wp-content\/uploads\/2021\/05\/report_RESOLUCION-RIS-CONGRESO-SEGURIDAD-PACIENTE.pdf\" target=\"_blank\" rel=\"noopener\">Acceso a la Resoluci\u00f3n de Concesi\u00f3n de RIS<\/a><\/blockquote>\t\t\t\t\t\t\t\t<\/div>\n\t\t\t\t<\/div>\n\t\t\t\t\t<\/div>\n\t\t<\/div>\n\t\t\t\t\t<\/div>\n\t\t<\/section>\n\t\t\t\t<section class=\"elementor-section elementor-top-section elementor-element elementor-element-7d4d521 elementor-section-boxed elementor-section-height-default elementor-section-height-default\" data-id=\"7d4d521\" data-element_type=\"section\" data-e-type=\"section\" data-settings=\"{&quot;jet_parallax_layout_list&quot;:[{&quot;jet_parallax_layout_image&quot;:{&quot;url&quot;:&quot;&quot;,&quot;id&quot;:&quot;&quot;,&quot;size&quot;:&quot;&quot;},&quot;_id&quot;:&quot;bc18d74&quot;,&quot;jet_parallax_layout_image_tablet&quot;:{&quot;url&quot;:&quot;&quot;,&quot;id&quot;:&quot;&quot;,&quot;size&quot;:&quot;&quot;},&quot;jet_parallax_layout_image_mobile&quot;:{&quot;url&quot;:&quot;&quot;,&quot;id&quot;:&quot;&quot;,&quot;size&quot;:&quot;&quot;},&quot;jet_parallax_layout_speed&quot;:{&quot;unit&quot;:&quot;%&quot;,&quot;size&quot;:50,&quot;sizes&quot;:[]},&quot;jet_parallax_layout_type&quot;:&quot;scroll&quot;,&quot;jet_parallax_layout_direction&quot;:&quot;1&quot;,&quot;jet_parallax_layout_fx_direction&quot;:null,&quot;jet_parallax_layout_z_index&quot;:&quot;&quot;,&quot;jet_parallax_layout_bg_x&quot;:50,&quot;jet_parallax_layout_bg_x_tablet&quot;:&quot;&quot;,&quot;jet_parallax_layout_bg_x_mobile&quot;:&quot;&quot;,&quot;jet_parallax_layout_bg_y&quot;:50,&quot;jet_parallax_layout_bg_y_tablet&quot;:&quot;&quot;,&quot;jet_parallax_layout_bg_y_mobile&quot;:&quot;&quot;,&quot;jet_parallax_layout_bg_size&quot;:&quot;auto&quot;,&quot;jet_parallax_layout_bg_size_tablet&quot;:&quot;&quot;,&quot;jet_parallax_layout_bg_size_mobile&quot;:&quot;&quot;,&quot;jet_parallax_layout_animation_prop&quot;:&quot;transform&quot;,&quot;jet_parallax_layout_on&quot;:[&quot;desktop&quot;,&quot;tablet&quot;]}]}\">\n\t\t\t\t\t\t<div class=\"elementor-container elementor-column-gap-default\">\n\t\t\t\t\t<div class=\"elementor-column elementor-col-100 elementor-top-column elementor-element elementor-element-653d845\" data-id=\"653d845\" data-element_type=\"column\" data-e-type=\"column\">\n\t\t\t<div class=\"elementor-widget-wrap elementor-element-populated\">\n\t\t\t\t\t\t<div class=\"elementor-element elementor-element-dc15b38 elementor-widget elementor-widget-heading\" data-id=\"dc15b38\" data-element_type=\"widget\" data-e-type=\"widget\" data-widget_type=\"heading.default\">\n\t\t\t\t<div class=\"elementor-widget-container\">\n\t\t\t\t\t<h3 class=\"elementor-heading-title elementor-size-default\">Concedido el Reconocimiento de Inter\u00e9s Cient\u00edfico Sanitario (RICS) <\/h3>\t\t\t\t<\/div>\n\t\t\t\t<\/div>\n\t\t\t\t<div class=\"elementor-element elementor-element-56c205d elementor-widget elementor-widget-text-editor\" data-id=\"56c205d\" data-element_type=\"widget\" data-e-type=\"widget\" data-widget_type=\"text-editor.default\">\n\t\t\t\t<div class=\"elementor-widget-container\">\n\t\t\t\t\t\t\t\t\t<p>La Consejer\u00eda de Salud y Familias de la Junta de Andaluc\u00eda ha otorgado el Reconocimiento de Inter\u00e9s Cient\u00edfico-Sanitario al I CONGRESO DE SEGURIDAD DEL PACIENTE. NUEVOS TIEMPOS. AVANZAMOS CONTIGO.<\/p><blockquote><p><a href=\"https:\/\/congreso.seguridadpaciente.es\/2021\/wp-content\/uploads\/sites\/2\/2021\/04\/RESOLUCION_RIC_I_CONGRESO_SEGPAC.pdf\" target=\"_blank\" rel=\"noopener\">Acceso a la Resoluci\u00f3n de Concesi\u00f3n de RICS<\/a><\/p><\/blockquote>\t\t\t\t\t\t\t\t<\/div>\n\t\t\t\t<\/div>\n\t\t\t\t\t<\/div>\n\t\t<\/div>\n\t\t\t\t\t<\/div>\n\t\t<\/section>\n\t\t\t\t<\/div>\n\t\t","protected":false},"excerpt":{"rendered":"<p>Concedido el Reconocimiento de Inter\u00e9s Sanitario (RIS) El Ministerios de Sanidad ha otorgado el Reconocimiento de Inter\u00e9s Sanitario al I CONGRESO DE SEGURIDAD DEL PACIENTE. NUEVOS TIEMPOS. AVANZAMOS CONTIGO. Acceso a la Resoluci\u00f3n de Concesi\u00f3n de RIS Concedido el Reconocimiento de Inter\u00e9s Cient\u00edfico Sanitario (RICS) La Consejer\u00eda de Salud y Familias de la Junta de [&hellip;]<\/p>\n","protected":false},"author":1,"featured_media":0,"parent":0,"menu_order":0,"comment_status":"closed","ping_status":"closed","template":"","meta":{"footnotes":""},"class_list":["post-1517","page","type-page","status-publish","hentry"],"_links":{"self":[{"href":"https:\/\/congreso.seguridadpaciente.es\/2021\/wp-json\/wp\/v2\/pages\/1517","targetHints":{"allow":["GET"]}}],"collection":[{"href":"https:\/\/congreso.seguridadpaciente.es\/2021\/wp-json\/wp\/v2\/pages"}],"about":[{"href":"https:\/\/congreso.seguridadpaciente.es\/2021\/wp-json\/wp\/v2\/types\/page"}],"author":[{"embeddable":true,"href":"https:\/\/congreso.seguridadpaciente.es\/2021\/wp-json\/wp\/v2\/users\/1"}],"replies":[{"embeddable":true,"href":"https:\/\/congreso.seguridadpaciente.es\/2021\/wp-json\/wp\/v2\/comments?post=1517"}],"version-history":[{"count":7,"href":"https:\/\/congreso.seguridadpaciente.es\/2021\/wp-json\/wp\/v2\/pages\/1517\/revisions"}],"predecessor-version":[{"id":1542,"href":"https:\/\/congreso.seguridadpaciente.es\/2021\/wp-json\/wp\/v2\/pages\/1517\/revisions\/1542"}],"wp:attachment":[{"href":"https:\/\/congreso.seguridadpaciente.es\/2021\/wp-json\/wp\/v2\/media?parent=1517"}],"curies":[{"name":"wp","href":"https:\/\/api.w.org\/{rel}","templated":true}]}}