{"id":188,"date":"2020-12-02T19:02:24","date_gmt":"2020-12-02T19:02:24","guid":{"rendered":"https:\/\/congreso.seguridadpaciente.es\/2021\/?page_id=188"},"modified":"2021-03-24T10:44:04","modified_gmt":"2021-03-24T10:44:04","slug":"congreso-comunicaciones","status":"publish","type":"page","link":"https:\/\/congreso.seguridadpaciente.es\/2021\/congreso-comunicaciones\/","title":{"rendered":"Comunicaciones"},"content":{"rendered":"\t\t<div data-elementor-type=\"wp-page\" data-elementor-id=\"188\" class=\"elementor elementor-188\" data-elementor-post-type=\"page\">\n\t\t\t\t\t\t<section class=\"elementor-section elementor-top-section elementor-element elementor-element-d05bd30 elementor-section-boxed elementor-section-height-default elementor-section-height-default\" data-id=\"d05bd30\" data-element_type=\"section\" data-e-type=\"section\" data-settings=\"{&quot;jet_parallax_layout_list&quot;:[{&quot;jet_parallax_layout_image&quot;:{&quot;url&quot;:&quot;&quot;,&quot;id&quot;:&quot;&quot;,&quot;size&quot;:&quot;&quot;},&quot;_id&quot;:&quot;4326a90&quot;,&quot;jet_parallax_layout_image_tablet&quot;:{&quot;url&quot;:&quot;&quot;,&quot;id&quot;:&quot;&quot;,&quot;size&quot;:&quot;&quot;},&quot;jet_parallax_layout_image_mobile&quot;:{&quot;url&quot;:&quot;&quot;,&quot;id&quot;:&quot;&quot;,&quot;size&quot;:&quot;&quot;},&quot;jet_parallax_layout_speed&quot;:{&quot;unit&quot;:&quot;%&quot;,&quot;size&quot;:50,&quot;sizes&quot;:[]},&quot;jet_parallax_layout_type&quot;:&quot;scroll&quot;,&quot;jet_parallax_layout_direction&quot;:&quot;1&quot;,&quot;jet_parallax_layout_fx_direction&quot;:null,&quot;jet_parallax_layout_z_index&quot;:&quot;&quot;,&quot;jet_parallax_layout_bg_x&quot;:50,&quot;jet_parallax_layout_bg_x_tablet&quot;:&quot;&quot;,&quot;jet_parallax_layout_bg_x_mobile&quot;:&quot;&quot;,&quot;jet_parallax_layout_bg_y&quot;:50,&quot;jet_parallax_layout_bg_y_tablet&quot;:&quot;&quot;,&quot;jet_parallax_layout_bg_y_mobile&quot;:&quot;&quot;,&quot;jet_parallax_layout_bg_size&quot;:&quot;auto&quot;,&quot;jet_parallax_layout_bg_size_tablet&quot;:&quot;&quot;,&quot;jet_parallax_layout_bg_size_mobile&quot;:&quot;&quot;,&quot;jet_parallax_layout_animation_prop&quot;:&quot;transform&quot;,&quot;jet_parallax_layout_on&quot;:[&quot;desktop&quot;,&quot;tablet&quot;]}]}\">\n\t\t\t\t\t\t<div class=\"elementor-container elementor-column-gap-default\">\n\t\t\t\t\t<div class=\"elementor-column elementor-col-50 elementor-top-column elementor-element elementor-element-5dfdc88\" data-id=\"5dfdc88\" data-element_type=\"column\" data-e-type=\"column\">\n\t\t\t<div class=\"elementor-widget-wrap elementor-element-populated\">\n\t\t\t\t\t\t<div class=\"elementor-element elementor-element-3d8aafc elementor-view-default elementor-widget elementor-widget-icon\" data-id=\"3d8aafc\" data-element_type=\"widget\" data-e-type=\"widget\" data-widget_type=\"icon.default\">\n\t\t\t\t<div class=\"elementor-widget-container\">\n\t\t\t\t\t\t\t<div class=\"elementor-icon-wrapper\">\n\t\t\t<div class=\"elementor-icon\">\n\t\t\t<i aria-hidden=\"true\" class=\"icon icon-acua-icon-75\"><\/i>\t\t\t<\/div>\n\t\t<\/div>\n\t\t\t\t\t\t<\/div>\n\t\t\t\t<\/div>\n\t\t\t\t<div class=\"elementor-element elementor-element-e5ac89a elementor-widget elementor-widget-heading\" data-id=\"e5ac89a\" data-element_type=\"widget\" data-e-type=\"widget\" data-widget_type=\"heading.default\">\n\t\t\t\t<div class=\"elementor-widget-container\">\n\t\t\t\t\t<h4 class=\"elementor-heading-title elementor-size-default\">Fecha l\u00edmite para el env\u00edo de comunicaciones<\/h4>\t\t\t\t<\/div>\n\t\t\t\t<\/div>\n\t\t\t\t<div class=\"elementor-element elementor-element-4bef818 elementor-widget elementor-widget-heading\" data-id=\"4bef818\" data-element_type=\"widget\" data-e-type=\"widget\" data-widget_type=\"heading.default\">\n\t\t\t\t<div class=\"elementor-widget-container\">\n\t\t\t\t\t<h2 class=\"elementor-heading-title elementor-size-default\">6 de mayo 2021<\/h2>\t\t\t\t<\/div>\n\t\t\t\t<\/div>\n\t\t\t\t\t<\/div>\n\t\t<\/div>\n\t\t\t\t<div class=\"elementor-column elementor-col-50 elementor-top-column elementor-element elementor-element-cd59486\" data-id=\"cd59486\" data-element_type=\"column\" data-e-type=\"column\">\n\t\t\t<div class=\"elementor-widget-wrap elementor-element-populated\">\n\t\t\t\t\t\t<div class=\"elementor-element elementor-element-4160d00 elementor-widget elementor-widget-text-editor\" data-id=\"4160d00\" data-element_type=\"widget\" data-e-type=\"widget\" data-widget_type=\"text-editor.default\">\n\t\t\t\t<div class=\"elementor-widget-container\">\n\t\t\t\t\t\t\t\t\t<p>* Es necesario realizar la inscripci\u00f3n de forma previa.<\/p>\t\t\t\t\t\t\t\t<\/div>\n\t\t\t\t<\/div>\n\t\t\t\t<div class=\"elementor-element elementor-element-f75d2da elementor-widget elementor-widget-button\" data-id=\"f75d2da\" data-element_type=\"widget\" data-e-type=\"widget\" data-widget_type=\"button.default\">\n\t\t\t\t<div class=\"elementor-widget-container\">\n\t\t\t\t\t\t\t\t\t<div class=\"elementor-button-wrapper\">\n\t\t\t\t\t<a class=\"elementor-button elementor-button-link elementor-size-sm\" href=\"https:\/\/www.easp.es\/eventos\/congresoesspa\/login\">\n\t\t\t\t\t\t<span class=\"elementor-button-content-wrapper\">\n\t\t\t\t\t\t\t\t\t<span class=\"elementor-button-text\">Enviar Comunicaci\u00f3n<\/span>\n\t\t\t\t\t<\/span>\n\t\t\t\t\t<\/a>\n\t\t\t\t<\/div>\n\t\t\t\t\t\t\t\t<\/div>\n\t\t\t\t<\/div>\n\t\t\t\t\t<\/div>\n\t\t<\/div>\n\t\t\t\t\t<\/div>\n\t\t<\/section>\n\t\t\t\t<section class=\"elementor-section elementor-top-section elementor-element elementor-element-964d6ad elementor-section-boxed elementor-section-height-default elementor-section-height-default\" data-id=\"964d6ad\" data-element_type=\"section\" data-e-type=\"section\" data-settings=\"{&quot;jet_parallax_layout_list&quot;:[{&quot;jet_parallax_layout_image&quot;:{&quot;url&quot;:&quot;&quot;,&quot;id&quot;:&quot;&quot;,&quot;size&quot;:&quot;&quot;},&quot;_id&quot;:&quot;b8598dd&quot;,&quot;jet_parallax_layout_image_tablet&quot;:{&quot;url&quot;:&quot;&quot;,&quot;id&quot;:&quot;&quot;,&quot;size&quot;:&quot;&quot;},&quot;jet_parallax_layout_image_mobile&quot;:{&quot;url&quot;:&quot;&quot;,&quot;id&quot;:&quot;&quot;,&quot;size&quot;:&quot;&quot;},&quot;jet_parallax_layout_speed&quot;:{&quot;unit&quot;:&quot;%&quot;,&quot;size&quot;:50,&quot;sizes&quot;:[]},&quot;jet_parallax_layout_type&quot;:&quot;scroll&quot;,&quot;jet_parallax_layout_direction&quot;:&quot;1&quot;,&quot;jet_parallax_layout_fx_direction&quot;:null,&quot;jet_parallax_layout_z_index&quot;:&quot;&quot;,&quot;jet_parallax_layout_bg_x&quot;:50,&quot;jet_parallax_layout_bg_x_tablet&quot;:&quot;&quot;,&quot;jet_parallax_layout_bg_x_mobile&quot;:&quot;&quot;,&quot;jet_parallax_layout_bg_y&quot;:50,&quot;jet_parallax_layout_bg_y_tablet&quot;:&quot;&quot;,&quot;jet_parallax_layout_bg_y_mobile&quot;:&quot;&quot;,&quot;jet_parallax_layout_bg_size&quot;:&quot;auto&quot;,&quot;jet_parallax_layout_bg_size_tablet&quot;:&quot;&quot;,&quot;jet_parallax_layout_bg_size_mobile&quot;:&quot;&quot;,&quot;jet_parallax_layout_animation_prop&quot;:&quot;transform&quot;,&quot;jet_parallax_layout_on&quot;:[&quot;desktop&quot;,&quot;tablet&quot;]}]}\">\n\t\t\t\t\t\t<div class=\"elementor-container elementor-column-gap-default\">\n\t\t\t\t\t<div class=\"elementor-column elementor-col-100 elementor-top-column elementor-element elementor-element-17d26d4\" data-id=\"17d26d4\" data-element_type=\"column\" data-e-type=\"column\" data-settings=\"{&quot;background_background&quot;:&quot;classic&quot;}\">\n\t\t\t<div class=\"elementor-widget-wrap elementor-element-populated\">\n\t\t\t\t\t\t<div class=\"elementor-element elementor-element-0724d6c elementor-widget elementor-widget-heading\" data-id=\"0724d6c\" data-element_type=\"widget\" data-e-type=\"widget\" data-widget_type=\"heading.default\">\n\t\t\t\t<div class=\"elementor-widget-container\">\n\t\t\t\t\t<h3 class=\"elementor-heading-title elementor-size-default\">Clasificaci\u00f3n de temas<\/h3>\t\t\t\t<\/div>\n\t\t\t\t<\/div>\n\t\t\t\t<div class=\"elementor-element elementor-element-b0580f5 elementor-widget elementor-widget-text-editor\" data-id=\"b0580f5\" data-element_type=\"widget\" data-e-type=\"widget\" data-widget_type=\"text-editor.default\">\n\t\t\t\t<div class=\"elementor-widget-container\">\n\t\t\t\t\t\t\t\t\t<ol>\n<li>Organizaciones seguras, pacientes seguros.<\/li>\n<li>Gesti\u00f3n de riesgos. Aprendiendo de los errores.<\/li>\n<li>Atenci\u00f3n integral segura.<\/li>\n<li>Tecnolog\u00edas y seguridad del paciente.<\/li>\n<li>Seguridad para y con el paciente y la ciudadan\u00eda.<\/li>\n<li>Conocimiento e innovaci\u00f3n en seguridad del paciente.<\/li>\n<li>Otros temas relacionados con seguridad del paciente, incluido COVID-19.<\/li>\n<\/ol>\t\t\t\t\t\t\t\t<\/div>\n\t\t\t\t<\/div>\n\t\t\t\t\t<\/div>\n\t\t<\/div>\n\t\t\t\t\t<\/div>\n\t\t<\/section>\n\t\t\t\t<section class=\"elementor-section elementor-top-section elementor-element elementor-element-5702780 elementor-section-boxed elementor-section-height-default elementor-section-height-default\" data-id=\"5702780\" data-element_type=\"section\" data-e-type=\"section\" data-settings=\"{&quot;jet_parallax_layout_list&quot;:[{&quot;jet_parallax_layout_image&quot;:{&quot;url&quot;:&quot;&quot;,&quot;id&quot;:&quot;&quot;,&quot;size&quot;:&quot;&quot;},&quot;_id&quot;:&quot;4225582&quot;,&quot;jet_parallax_layout_image_tablet&quot;:{&quot;url&quot;:&quot;&quot;,&quot;id&quot;:&quot;&quot;,&quot;size&quot;:&quot;&quot;},&quot;jet_parallax_layout_image_mobile&quot;:{&quot;url&quot;:&quot;&quot;,&quot;id&quot;:&quot;&quot;,&quot;size&quot;:&quot;&quot;},&quot;jet_parallax_layout_speed&quot;:{&quot;unit&quot;:&quot;%&quot;,&quot;size&quot;:50,&quot;sizes&quot;:[]},&quot;jet_parallax_layout_type&quot;:&quot;scroll&quot;,&quot;jet_parallax_layout_direction&quot;:&quot;1&quot;,&quot;jet_parallax_layout_fx_direction&quot;:null,&quot;jet_parallax_layout_z_index&quot;:&quot;&quot;,&quot;jet_parallax_layout_bg_x&quot;:50,&quot;jet_parallax_layout_bg_x_tablet&quot;:&quot;&quot;,&quot;jet_parallax_layout_bg_x_mobile&quot;:&quot;&quot;,&quot;jet_parallax_layout_bg_y&quot;:50,&quot;jet_parallax_layout_bg_y_tablet&quot;:&quot;&quot;,&quot;jet_parallax_layout_bg_y_mobile&quot;:&quot;&quot;,&quot;jet_parallax_layout_bg_size&quot;:&quot;auto&quot;,&quot;jet_parallax_layout_bg_size_tablet&quot;:&quot;&quot;,&quot;jet_parallax_layout_bg_size_mobile&quot;:&quot;&quot;,&quot;jet_parallax_layout_animation_prop&quot;:&quot;transform&quot;,&quot;jet_parallax_layout_on&quot;:[&quot;desktop&quot;,&quot;tablet&quot;]}]}\">\n\t\t\t\t\t\t<div class=\"elementor-container elementor-column-gap-default\">\n\t\t\t\t\t<div class=\"elementor-column elementor-col-100 elementor-top-column elementor-element elementor-element-932bde2\" data-id=\"932bde2\" data-element_type=\"column\" data-e-type=\"column\">\n\t\t\t<div class=\"elementor-widget-wrap elementor-element-populated\">\n\t\t\t\t\t\t<div class=\"elementor-element elementor-element-c0280d5 elementor-widget elementor-widget-heading\" data-id=\"c0280d5\" data-element_type=\"widget\" data-e-type=\"widget\" data-widget_type=\"heading.default\">\n\t\t\t\t<div class=\"elementor-widget-container\">\n\t\t\t\t\t<h2 class=\"elementor-heading-title elementor-size-default\">Normas de Comunicaci\u00f3n<\/h2>\t\t\t\t<\/div>\n\t\t\t\t<\/div>\n\t\t\t\t<div class=\"elementor-element elementor-element-111f4fa elementor-widget-divider--view-line elementor-widget elementor-widget-divider\" data-id=\"111f4fa\" data-element_type=\"widget\" data-e-type=\"widget\" data-widget_type=\"divider.default\">\n\t\t\t\t<div class=\"elementor-widget-container\">\n\t\t\t\t\t\t\t<div class=\"elementor-divider\">\n\t\t\t<span class=\"elementor-divider-separator\">\n\t\t\t\t\t\t<\/span>\n\t\t<\/div>\n\t\t\t\t\t\t<\/div>\n\t\t\t\t<\/div>\n\t\t\t\t<div class=\"elementor-element elementor-element-9f38086 elementor-widget elementor-widget-heading\" data-id=\"9f38086\" data-element_type=\"widget\" data-e-type=\"widget\" data-widget_type=\"heading.default\">\n\t\t\t\t<div class=\"elementor-widget-container\">\n\t\t\t\t\t<h3 class=\"elementor-heading-title elementor-size-default\">Normas de env\u00edo y valoraci\u00f3n<\/h3>\t\t\t\t<\/div>\n\t\t\t\t<\/div>\n\t\t\t\t<div class=\"elementor-element elementor-element-5f1f1ac elementor-widget elementor-widget-text-editor\" data-id=\"5f1f1ac\" data-element_type=\"widget\" data-e-type=\"widget\" data-widget_type=\"text-editor.default\">\n\t\t\t\t<div class=\"elementor-widget-container\">\n\t\t\t\t\t\t\t\t\t<ol><li>La fecha l\u00edmite para el env\u00edo de comunicaciones ser\u00e1 el 6 de mayo de 2021.<\/li><li>El idioma oficial para la presentaci\u00f3n de comunicaciones es el espa\u00f1ol.<\/li><li>Las comunicaciones deben ser in\u00e9ditas y no estar publicadas previamente. El primer firmante ser\u00e1 el garante de este aspecto.<\/li><li>El env\u00edo de los res\u00famenes supone la aceptaci\u00f3n de las normas y el consentimiento de los autores para su publicaci\u00f3n.<\/li><li>Los autores que presentan la comunicaci\u00f3n se responsabilizan de que en el trabajo realizado se han respetado los requerimientos \u00e9ticos.<\/li><li>Los res\u00famenes ser\u00e1n enviados a trav\u00e9s de la plataforma web del congreso habilitada para tal fin. Para ello, el primer autor deber\u00e1 estar preinscrito en el congreso, momento en el que se le asignar\u00e1 una clave de acceso a la plataforma web para poder realizar el env\u00edo. No se aceptar\u00e1n res\u00famenes remitidos por otros medios.<\/li><li>Se podr\u00e1 presentar un m\u00e1ximo de tres comunicaciones por autor. No se admitir\u00e1 m\u00e1s de una comunicaci\u00f3n por el mismo primer autor, si bien podr\u00e1 aparecer como coautor en otras.<\/li><li>Autor\u00eda:<br \/><ol type=\"a\"><li>El n\u00famero m\u00e1ximo de autores es 5.<\/li><li>Si un mismo autor participa en m\u00e1s de una comunicaci\u00f3n, deber\u00e1 escribir su nombre y dos apellidos del mismo modo en todas ellas para que se refleje adecuadamente en el \u00edndice.<\/li><li>Los autores de las comunicaciones ser\u00e1n responsables de los contenidos expuestos y de su redacci\u00f3n.<\/li><li>Para todos los autores se deber\u00e1 cumplimentar apellidos y nombre completos, direcci\u00f3n de correo electr\u00f3nico y nombre completo de la entidad o centro de trabajo, as\u00ed como el nombre del autor abreviado (apellido\/s, inicial\/les).<\/li><li>Se deber\u00e1 indicar la direcci\u00f3n de contacto completa del primer autor, incluyendo tel\u00e9fono.<\/li><li>Para la emisi\u00f3n de los certificados no se admitir\u00e1n cambios en autores u orden de los mismos, una vez aceptados los res\u00famenes.<\/li><\/ol><\/li><li>El resumen del trabajo:<br \/><ol type=\"a\"><li>Tendr\u00e1 un l\u00edmite de 400 palabras (sin contar el t\u00edtulo).<\/li><li>El t\u00edtulo deber\u00e1 tener un m\u00e1ximo de 20 palabras.<\/li><li>Se podr\u00e1n presentar estudios, proyectos de investigaci\u00f3n, experiencias, intervenciones de mejora, implementaci\u00f3n de buenas pr\u00e1cticas, casos, an\u00e1lisis de incidentes, etc., que se deber\u00e1n clasificar seg\u00fan una de estas dos modalidades conteniendo, al menos, los apartados que se explicitan:<ul><li><strong>Estudios e investigaciones en seguridad del paciente:<\/strong><ul><li>objetivos<\/li><li>metodolog\u00eda<\/li><li>resultados<\/li><li>conclusiones<\/li><\/ul><\/li><li><strong>Experiencias e iniciativas para la mejora de la seguridad del paciente:<\/strong><ul><li>an\u00e1lisis de la situaci\u00f3n y contexto<\/li><li>descripci\u00f3n de la intervenci\u00f3n de mejora<\/li><li>evaluaci\u00f3n y principales resultados<\/li><li>conclusiones, resaltando su utilidad pr\u00e1ctica<\/li><\/ul><\/li><\/ul><\/li><li>Todas las comunicaciones deber\u00e1n ser an\u00f3nimas para su aceptaci\u00f3n, no pudiendo contener ning\u00fan dato identificativo de los autores o centro de trabajo. El incumplimiento de este punto podr\u00e1 resultar en la no aceptaci\u00f3n del trabajo.<\/li><li>Se evitar\u00e1 la utilizaci\u00f3n de siglas y abreviaturas. No se incluir\u00e1n citas bibliogr\u00e1ficas.<\/li><li>No se permite incluir tablas y\/o figuras en el abstract, reserv\u00e1ndose su uso, si se requiere, para el documento de la comunicaci\u00f3n en s\u00ed (ya sea formato p\u00f3ster o presentaci\u00f3n), que se remitir\u00e1 una vez aceptada la comunicaci\u00f3n.<\/li><li>Se deber\u00e1n incluir entre 3 y 5 palabras clave en el campo del formulario de env\u00edo habilitado para tal fin (no incluir dentro del abstract).<\/li><\/ol><\/li><li>Se deber\u00e1 seleccionar, de entre las tem\u00e1ticas propuestas, la que m\u00e1s se ajuste a la comunicaci\u00f3n presentada. No obstante, el Comit\u00e9 Cient\u00edfico se reserva el derecho de alterar la asignaci\u00f3n con el fin de lograr un programa cient\u00edfico equilibrado.<\/li><li>Proceso de valoraci\u00f3n:<br \/><ol type=\"a\"><li>Los res\u00famenes de las comunicaciones ser\u00e1n valorados para su aceptaci\u00f3n por al menos dos miembros del grupo de evaluadores, no pudiendo acceder estos a los datos identificativos de los autores.<\/li><li>Las comunicaciones ser\u00e1n valoradas por el Comit\u00e9 Cient\u00edfico del Congreso atendiendo los siguientes criterios: calidad cient\u00edfica del trabajo presentado, originalidad, relevancia de los resultados, contribuci\u00f3n, aplicabilidad y transferencia a la organizaci\u00f3n.<\/li><li>Los autores ser\u00e1n informados, v\u00eda correo electr\u00f3nico, de la aceptaci\u00f3n o rechazo de su comunicaci\u00f3n.<\/li><li>Todas las comunicaciones aceptadas por el Comit\u00e9 Cient\u00edfico podr\u00e1n optar a premio en su categor\u00eda correspondiente. Los autores de las comunicaciones con opci\u00f3n a premio ser\u00e1n informados v\u00eda correo electr\u00f3nico. Quedar\u00e1n excluidas aquellas en las que sus autores est\u00e9n en el Comit\u00e9 Cient\u00edfico o en el jurado correspondiente.<\/li><\/ol><\/li><li>Una vez aceptado el resumen de la comunicaci\u00f3n, el primer autor deber\u00e1 adjuntar el archivo de la comunicaci\u00f3n en formato PowerPoint (ppt, pptx) o pdf (m\u00e1ximo 10 diapositivas) o un v\u00eddeo en formato mp4 con la presentaci\u00f3n locutada (m\u00e1ximo 5 minutos). Estos archivos ser\u00e1n expuestos en la p\u00e1gina de E-Comunicaciones del Congreso, a disposici\u00f3n de los asistentes.<\/li><li>Las comunicaciones que tras su valoraci\u00f3n tengan opci\u00f3n a premio deber\u00e1n ser defendidas por el autor principal en la mesa de presentaci\u00f3n de comunicaciones del Congreso. Para esta presentaci\u00f3n se proyectar\u00e1 el archivo remitido en los formatos PowerPoint o PDF. Si se desea defender con un archivo diferente al enviado, se deber\u00e1 indicar y remitir el nuevo archivo a la Secretar\u00eda T\u00e9cnica del Congreso en tiempo y forma, teniendo en cuenta que el m\u00e1ximo tiempo de exposici\u00f3n ser\u00e1 de 5 minutos.<\/li><\/ol>\t\t\t\t\t\t\t\t<\/div>\n\t\t\t\t<\/div>\n\t\t\t\t<div class=\"elementor-element elementor-element-a60ed3c elementor-widget elementor-widget-heading\" data-id=\"a60ed3c\" data-element_type=\"widget\" data-e-type=\"widget\" data-widget_type=\"heading.default\">\n\t\t\t\t<div class=\"elementor-widget-container\">\n\t\t\t\t\t<h3 class=\"elementor-heading-title elementor-size-default\">Normas de presentaci\u00f3n de comunicaciones<\/h3>\t\t\t\t<\/div>\n\t\t\t\t<\/div>\n\t\t\t\t<div class=\"elementor-element elementor-element-25960a1 elementor-widget elementor-widget-text-editor\" data-id=\"25960a1\" data-element_type=\"widget\" data-e-type=\"widget\" data-widget_type=\"text-editor.default\">\n\t\t\t\t<div class=\"elementor-widget-container\">\n\t\t\t\t\t\t\t\t\t<ul><li>Las comunicaciones que optan a premio se presentar\u00e1n oralmente durante el Congreso, en el horario siguiente: mi\u00e9rcoles 9 de junio, de 18:15 a 19:45.<\/li><li>En el caso en que el primer autor no pueda realizar la exposici\u00f3n de la comunicaci\u00f3n, \u00e9sta podr\u00e1 ser expuesta por otro coautor. Este cambio deber\u00e1 ser comunicado a la secretar\u00eda t\u00e9cnica con la suficiente antelaci\u00f3n.<\/li><li>Las comunicaciones se presentar\u00e1n en formato PowerPoint (ppt, pptx) o pdf. Un \u00fanico archivo por comunicaci\u00f3n que deber\u00e1 ser remitido antes del d\u00eda 7 de junio de 2021.<\/li><li>El tiempo de exposici\u00f3n m\u00e1ximo es de 5 minutos.<\/li><\/ul>\t\t\t\t\t\t\t\t<\/div>\n\t\t\t\t<\/div>\n\t\t\t\t\t<\/div>\n\t\t<\/div>\n\t\t\t\t\t<\/div>\n\t\t<\/section>\n\t\t\t\t<\/div>\n\t\t","protected":false},"excerpt":{"rendered":"<p>Fecha l\u00edmite para el env\u00edo de comunicaciones 6 de mayo 2021 * Es necesario realizar la inscripci\u00f3n de forma previa. Enviar Comunicaci\u00f3n Clasificaci\u00f3n de temas Organizaciones seguras, pacientes seguros. Gesti\u00f3n de riesgos. Aprendiendo de los errores. Atenci\u00f3n integral segura. Tecnolog\u00edas y seguridad del paciente. Seguridad para y con el paciente y la ciudadan\u00eda. Conocimiento e [&hellip;]<\/p>\n","protected":false},"author":3,"featured_media":0,"parent":0,"menu_order":0,"comment_status":"closed","ping_status":"closed","template":"","meta":{"footnotes":""},"class_list":["post-188","page","type-page","status-publish","hentry"],"_links":{"self":[{"href":"https:\/\/congreso.seguridadpaciente.es\/2021\/wp-json\/wp\/v2\/pages\/188","targetHints":{"allow":["GET"]}}],"collection":[{"href":"https:\/\/congreso.seguridadpaciente.es\/2021\/wp-json\/wp\/v2\/pages"}],"about":[{"href":"https:\/\/congreso.seguridadpaciente.es\/2021\/wp-json\/wp\/v2\/types\/page"}],"author":[{"embeddable":true,"href":"https:\/\/congreso.seguridadpaciente.es\/2021\/wp-json\/wp\/v2\/users\/3"}],"replies":[{"embeddable":true,"href":"https:\/\/congreso.seguridadpaciente.es\/2021\/wp-json\/wp\/v2\/comments?post=188"}],"version-history":[{"count":58,"href":"https:\/\/congreso.seguridadpaciente.es\/2021\/wp-json\/wp\/v2\/pages\/188\/revisions"}],"predecessor-version":[{"id":1504,"href":"https:\/\/congreso.seguridadpaciente.es\/2021\/wp-json\/wp\/v2\/pages\/188\/revisions\/1504"}],"wp:attachment":[{"href":"https:\/\/congreso.seguridadpaciente.es\/2021\/wp-json\/wp\/v2\/media?parent=188"}],"curies":[{"name":"wp","href":"https:\/\/api.w.org\/{rel}","templated":true}]}}