{"id":45,"date":"2022-04-25T17:22:33","date_gmt":"2022-04-25T17:22:33","guid":{"rendered":"https:\/\/congreso.seguridadpaciente.es\/2022\/?page_id=45"},"modified":"2022-05-17T09:59:29","modified_gmt":"2022-05-17T09:59:29","slug":"politica-de-privacidad","status":"publish","type":"page","link":"https:\/\/congreso.seguridadpaciente.es\/2022\/politica-de-privacidad\/","title":{"rendered":"Pol\u00edtica de privacidad"},"content":{"rendered":"\t\t<div data-elementor-type=\"wp-page\" data-elementor-id=\"45\" class=\"elementor elementor-45\">\n\t\t\t\t\t\t<section class=\"elementor-section elementor-top-section elementor-element elementor-element-d106379 elementor-section-boxed elementor-section-height-default elementor-section-height-default\" data-id=\"d106379\" data-element_type=\"section\" data-e-type=\"section\" data-settings=\"{&quot;jet_parallax_layout_list&quot;:[]}\">\n\t\t\t\t\t\t<div class=\"elementor-container elementor-column-gap-default\">\n\t\t\t\t\t<div class=\"elementor-column elementor-col-100 elementor-top-column elementor-element elementor-element-c561f01\" data-id=\"c561f01\" data-element_type=\"column\" data-e-type=\"column\">\n\t\t\t<div class=\"elementor-widget-wrap elementor-element-populated\">\n\t\t\t\t\t\t<div class=\"elementor-element elementor-element-b336ef4 elementor-widget elementor-widget-jet-breadcrumbs\" data-id=\"b336ef4\" data-element_type=\"widget\" data-e-type=\"widget\" data-widget_type=\"jet-breadcrumbs.default\">\n\t\t\t\t<div class=\"elementor-widget-container\">\n\t\t\t\t\t<div class=\"elementor-jet-breadcrumbs jet-blocks\">\n\t\t<div class=\"jet-breadcrumbs\">\n\t\t<div class=\"jet-breadcrumbs__content\">\n\t\t<div class=\"jet-breadcrumbs__wrap\"><div class=\"jet-breadcrumbs__item\"><a href=\"https:\/\/congreso.seguridadpaciente.es\/2022\/\" class=\"jet-breadcrumbs__item-link is-home\" rel=\"home\" title=\"Jornada Seguridad del Paciente 2022\">Jornada Seguridad del Paciente 2022<\/a><\/div>\n\t\t<\/div>\n\t\t<\/div>\n\t\t<\/div><\/div>\t\t\t\t<\/div>\n\t\t\t\t<\/div>\n\t\t\t\t\t<\/div>\n\t\t<\/div>\n\t\t\t\t\t<\/div>\n\t\t<\/section>\n\t\t\t\t<section class=\"elementor-section elementor-top-section elementor-element elementor-element-4a64d27a elementor-section-boxed elementor-section-height-default elementor-section-height-default\" data-id=\"4a64d27a\" data-element_type=\"section\" data-e-type=\"section\" data-settings=\"{&quot;jet_parallax_layout_list&quot;:[]}\">\n\t\t\t\t\t\t<div class=\"elementor-container elementor-column-gap-default\">\n\t\t\t\t\t<div class=\"elementor-column elementor-col-100 elementor-top-column elementor-element elementor-element-6773975\" data-id=\"6773975\" data-element_type=\"column\" data-e-type=\"column\">\n\t\t\t<div class=\"elementor-widget-wrap elementor-element-populated\">\n\t\t\t\t\t\t<div class=\"elementor-element elementor-element-7c64a60 elementor-widget elementor-widget-heading\" data-id=\"7c64a60\" data-element_type=\"widget\" data-e-type=\"widget\" data-widget_type=\"heading.default\">\n\t\t\t\t<div class=\"elementor-widget-container\">\n\t\t\t\t\t<h3 class=\"elementor-heading-title elementor-size-default\">Pol\u00edtica de privacidad<\/h3>\t\t\t\t<\/div>\n\t\t\t\t<\/div>\n\t\t\t\t<div class=\"elementor-element elementor-element-73b21ee0 elementor-widget elementor-widget-text-editor\" data-id=\"73b21ee0\" data-element_type=\"widget\" data-e-type=\"widget\" data-widget_type=\"text-editor.default\">\n\t\t\t\t<div class=\"elementor-widget-container\">\n\t\t\t\t\t\t\t\t\t\n<h5 class=\"wp-block-heading\">\u00bfQUI\u00c9N ES EL RESPONSABLE DEL TRATAMIENTO DE SUS DATOS?<\/h5>\n\n<p>Identidad: Escuela Andaluza de Salud P\u00fablica S.A.<\/p>\n\n<p>Dir. Postal: Calle Cuesta del Observatorio 4, 18011 \u2013 Granada, Espa\u00f1a<\/p>\n\n<p>Tel\u00e9fono: +34 958 027 400<\/p>\n\n<p>Correo electr\u00f3nico: protecciondedatos.easp@juntadeandalucia.es<\/p>\n\n<p>Delegado de Protecci\u00f3n de Datos: dpd.csalud@juntadeandalucia.es<\/p>\n\n<h5 class=\"wp-block-heading\">\u00bfQUI\u00c9N ES EL DELEGADO DE PROTECCI\u00d3N DE DATOS DE LA ESCUELA ANDALUZA DE SALUD P\u00daBLICA Y C\u00d3MO TE PUEDES PONER EN CONTACTO CON \u00c9L?<\/h5>\n\n<p>El Delegado de Protecci\u00f3n de Datos es la persona encargada de proteger el derecho fundamental a la protecci\u00f3n de datos personales en la EASP y se encarga del cumplimiento de la normativa de protecci\u00f3n de datos. Podr\u00e1s contactar con el Delegado de Protecci\u00f3n de Datos de la Escuela Andaluza de Salud P\u00fablica en la siguiente direcci\u00f3n: dpd.csalud@juntadeandalucia.es<\/p>\n\n<h5 class=\"wp-block-heading\">\u00bfPARA QU\u00c9 UTILIZAMOS TUS DATOS PERSONALES?<\/h5>\n\n<p>En la Escuela Andaluza de Salud P\u00fablica tratamos la informaci\u00f3n que nos faciliten las personas interesadas para gestionar su participaci\u00f3n, bien como asistente o como ponente.<\/p>\n\n<h5 class=\"wp-block-heading\">\u00bfPOR CU\u00c1NTO TIEMPO CONSERVAREMOS TUS DATOS?<\/h5>\n\n<p>Los datos proporcionados se conservar\u00e1n mientras no se solicite su supresi\u00f3n por el interesado y mientras la legalidad vigente nos lo permita.<\/p>\n\n<h5 class=\"wp-block-heading\">\u00bfA QUI\u00c9N COMUNICAREMOS TUS DATOS?<\/h5>\n\n<p>La Escuela Andaluza de Salud P\u00fablica no ceder\u00e1 tus datos personales a terceros, salvo que estemos obligados por una ley.<\/p>\n\n<p>En el caso de que hayas pedido que tu actividad sea financiada, le comunicaremos tus datos b\u00e1sicos a la entidad financiadora.<\/p>\n\n<p>En el caso de que tu actividad est\u00e9 acreditada por la ACSA (Agencia de Calidad Sanitaria de Andaluc\u00eda), \u00e9sta podr\u00e1 acceder a tus datos b\u00e1sicos de la plataforma online de esa actividad.<\/p>\n\n<h5 class=\"wp-block-heading\">\u00bfCU\u00c1LES SON TUS DERECHOS CUANDO NOS FACILITAS TUS DATOS?<\/h5>\n\n<p>Cualquier persona tiene derecho a obtener confirmaci\u00f3n sobre si en la Escuela Andaluza de Salud P\u00fablica estamos tratando datos personales que les conciernan, o no. Las personas interesadas tienen derecho a acceder a sus datos personales, as\u00ed como a solicitar la rectificaci\u00f3n de los datos inexactos o, en su caso, solicitar la supresi\u00f3n cuando, entre otros motivos, los datos ya no sean necesarios para los fines que fueron recogidos. En determinadas circunstancias y por motivos relacionados con su situaci\u00f3n particular, los interesados podr\u00e1n oponerse al tratamiento de sus datos. La Escuela Andaluza de Salud P\u00fablica dejar\u00e1 de tratar los datos, salvo por motivos leg\u00edtimos imperiosos, o el ejercicio o defensa de posibles reclamaciones. Las personas interesadas podr\u00e1n recibir, en formato electr\u00f3nico, los datos personales que nos haya facilitado.<\/p>\n\n<p>Puedes ejercer tus derechos a trav\u00e9s de:<\/p>\n\n<p>protecciondedatos.easp@juntadeandalucia.es<br \/>Escuela Andaluza de Salud P\u00fablica, Calle cuesta de Observatorio 4<br \/>18011 \u2013 Granada, Espa\u00f1a<\/p>\n\n<p>Para ejercitar tus derechos acompa\u00f1a a tu solicitud una copia de tu DNI o documento equivalente acreditativo de tu identidad. El ejercicio de estos derechos es gratuito.<\/p>\n\n<p>Si consideras que no hemos tratado tus datos personales de acuerdo con la normativa, puedes contactar con el Delegado de Protecci\u00f3n de Datos en la direcci\u00f3n dpd.csalud@juntadeandalucia.es. No obstante, podr\u00e1s presentar una reclamaci\u00f3n ante la Agencia Espa\u00f1ola de Protecci\u00f3n de Datos (www.agpd.es).<\/p>\n\t\t\t\t\t\t\t\t<\/div>\n\t\t\t\t<\/div>\n\t\t\t\t\t<\/div>\n\t\t<\/div>\n\t\t\t\t\t<\/div>\n\t\t<\/section>\n\t\t\t\t<\/div>\n\t\t","protected":false},"excerpt":{"rendered":"<p>Jornada Seguridad del Paciente 2022 Pol\u00edtica de privacidad \u00bfQUI\u00c9N ES EL RESPONSABLE DEL TRATAMIENTO DE SUS DATOS? Identidad: Escuela Andaluza de Salud P\u00fablica S.A. Dir. Postal: Calle Cuesta del Observatorio 4, 18011 \u2013 Granada, Espa\u00f1a Tel\u00e9fono: +34 958 027 400 Correo electr\u00f3nico: protecciondedatos.easp@juntadeandalucia.es Delegado de Protecci\u00f3n de Datos: dpd.csalud@juntadeandalucia.es \u00bfQUI\u00c9N ES EL DELEGADO DE PROTECCI\u00d3N [&hellip;]<\/p>\n","protected":false},"author":3,"featured_media":0,"parent":0,"menu_order":0,"comment_status":"closed","ping_status":"closed","template":"","meta":{"footnotes":""},"class_list":["post-45","page","type-page","status-publish","hentry"],"_links":{"self":[{"href":"https:\/\/congreso.seguridadpaciente.es\/2022\/wp-json\/wp\/v2\/pages\/45","targetHints":{"allow":["GET"]}}],"collection":[{"href":"https:\/\/congreso.seguridadpaciente.es\/2022\/wp-json\/wp\/v2\/pages"}],"about":[{"href":"https:\/\/congreso.seguridadpaciente.es\/2022\/wp-json\/wp\/v2\/types\/page"}],"author":[{"embeddable":true,"href":"https:\/\/congreso.seguridadpaciente.es\/2022\/wp-json\/wp\/v2\/users\/3"}],"replies":[{"embeddable":true,"href":"https:\/\/congreso.seguridadpaciente.es\/2022\/wp-json\/wp\/v2\/comments?post=45"}],"version-history":[{"count":5,"href":"https:\/\/congreso.seguridadpaciente.es\/2022\/wp-json\/wp\/v2\/pages\/45\/revisions"}],"predecessor-version":[{"id":388,"href":"https:\/\/congreso.seguridadpaciente.es\/2022\/wp-json\/wp\/v2\/pages\/45\/revisions\/388"}],"wp:attachment":[{"href":"https:\/\/congreso.seguridadpaciente.es\/2022\/wp-json\/wp\/v2\/media?parent=45"}],"curies":[{"name":"wp","href":"https:\/\/api.w.org\/{rel}","templated":true}]}}