{"id":178,"date":"2025-03-15T17:59:44","date_gmt":"2025-03-15T17:59:44","guid":{"rendered":"https:\/\/congreso.seguridadpaciente.es\/2025\/?page_id=178"},"modified":"2025-03-15T18:23:36","modified_gmt":"2025-03-15T18:23:36","slug":"aviso-legal","status":"publish","type":"page","link":"https:\/\/congreso.seguridadpaciente.es\/2025\/aviso-legal\/","title":{"rendered":"Aviso Legal"},"content":{"rendered":"\n<p><strong>Informaci\u00f3n Legal<\/strong><\/p>\n\n\n\n<p>La p\u00e1gina web del Congreso Seguridad del Paciente 2025, de la Estrategia para la Seguridad del Paciente de la Consejer\u00eda de Salud y Consumo de Andaluc\u00eda, est\u00e1 gestionada por la Escuela Andaluza de Salud P\u00fablica (en adelante EASP), que en cumplimiento de lo dispuesto en el art\u00edculo 10 de la Ley 34\/2002, de 11 de julio, de Servicios de la Sociedad de la Informaci\u00f3n y Comercio Electr\u00f3nico (LSSICE), pone a disposici\u00f3n del p\u00fablico, sus datos identificativos.<\/p>\n\n\n\n<ul class=\"wp-block-list\">\n<li>Denominaci\u00f3n social: Escuela Andaluza de Salud P\u00fablica S.A.<\/li>\n\n\n\n<li>Domicilio social: Calle Cuesta del Observatorio 4, Granada. Espa\u00f1a<\/li>\n\n\n\n<li>Tel\u00e9fono: +34 958 027 400<\/li>\n\n\n\n<li>NIF: A18049635<\/li>\n\n\n\n<li>Email: comunicacion.easp@juntadeandalucia.es<\/li>\n\n\n\n<li>Datos de inscripci\u00f3n en el registro mercantil: Registro Mercantil de Granada, Folio 69, Tomo 611 de sociedades, Hoja GR-6943, Inscripci\u00f3n sexta.<\/li>\n<\/ul>\n\n\n\n<p><strong>Cookies<\/strong><\/p>\n\n\n\n<p>A trav\u00e9s de este sitio web no se recaban datos de car\u00e1cter personal de los usuarios sin su conocimiento, ni se ceden a terceros.<\/p>\n\n\n\n<p>Con la finalidad de ofrecerle el mejor servicio y con el objeto de facilitar el uso, se analizan el n\u00famero de p\u00e1ginas visitadas, el n\u00famero de visitas, as\u00ed como la actividad de los visitantes y su frecuencia de utilizaci\u00f3n. A estos efectos, la EASP utiliza la informaci\u00f3n estad\u00edstica elaborada por el Proveedor de Servicios de Internet.<\/p>\n\n\n\n<p>La EASP no utiliza cookies para recoger informaci\u00f3n de los usuarios, ni registra las direcciones IP de acceso. \u00danicamente se utilizan cookies propias, de sesi\u00f3n, con finalidad t\u00e9cnica (aquellas que permiten al usuario la navegaci\u00f3n a trav\u00e9s del sitio web y la utilizaci\u00f3n de las diferentes opciones y servicios que en ella existen).<\/p>\n\n\n\n<p>Los portales de los que son titulares la EASP contienen enlaces a sitios web de terceros, cuyas pol\u00edticas de privacidad son ajenas a la de la EASP. Al acceder a tales sitios web usted puede decidir si acepta sus pol\u00edticas de privacidad y de cookies. Con car\u00e1cter general, si navega por internet usted puede aceptar o rechazar las cookies de terceros desde las opciones de configuraci\u00f3n de su navegador.<\/p>\n\n\n\n<p><strong>Propiedad Intelectual<\/strong><\/p>\n\n\n\n<p>Los contenidos de nuestras p\u00e1ginas webs, por ejemplo textos, im\u00e1genes, gr\u00e1ficos o c\u00f3digo fuente, est\u00e1n protegidos por derechos de propiedad intelectual e industrial.<\/p>\n\n\n\n<p>Tales contenidos no podr\u00e1n ser por ejemplo reproducidos o transformados sin el permiso previo y expl\u00edcito de la EASP o de la Consejer\u00eda de Salud y Consumo.<\/p>\n\n\n\n<p>La EASP cuenta con una licencia legal de CEDRO que permite el uso de los textos (art\u00edculos, cap\u00edtulos de libros, etc.) por el alumnado en el \u00e1mbito cerrado y privado de esta actividad docente. El alumnado no puede distribuirlo, difundirlo, ni utilizarlo para otros prop\u00f3sitos.<\/p>\n\n\n\n<p>Todos los materiales audiovisuales utilizados en esta obra son propiedad de sus respectivos autores.<\/p>\n","protected":false},"excerpt":{"rendered":"<p>Informaci\u00f3n Legal La p\u00e1gina web del Congreso Seguridad del Paciente 2025, de la Estrategia para la Seguridad del Paciente de la Consejer\u00eda de Salud y Consumo de Andaluc\u00eda, est\u00e1 gestionada por la Escuela Andaluza de Salud P\u00fablica (en adelante EASP), que en cumplimiento de lo dispuesto en el art\u00edculo 10 de la Ley 34\/2002, de [&hellip;]<\/p>\n","protected":false},"author":2,"featured_media":0,"parent":0,"menu_order":0,"comment_status":"closed","ping_status":"closed","template":"","meta":{"footnotes":""},"class_list":["post-178","page","type-page","status-publish","hentry"],"_links":{"self":[{"href":"https:\/\/congreso.seguridadpaciente.es\/2025\/wp-json\/wp\/v2\/pages\/178","targetHints":{"allow":["GET"]}}],"collection":[{"href":"https:\/\/congreso.seguridadpaciente.es\/2025\/wp-json\/wp\/v2\/pages"}],"about":[{"href":"https:\/\/congreso.seguridadpaciente.es\/2025\/wp-json\/wp\/v2\/types\/page"}],"author":[{"embeddable":true,"href":"https:\/\/congreso.seguridadpaciente.es\/2025\/wp-json\/wp\/v2\/users\/2"}],"replies":[{"embeddable":true,"href":"https:\/\/congreso.seguridadpaciente.es\/2025\/wp-json\/wp\/v2\/comments?post=178"}],"version-history":[{"count":3,"href":"https:\/\/congreso.seguridadpaciente.es\/2025\/wp-json\/wp\/v2\/pages\/178\/revisions"}],"predecessor-version":[{"id":2213,"href":"https:\/\/congreso.seguridadpaciente.es\/2025\/wp-json\/wp\/v2\/pages\/178\/revisions\/2213"}],"wp:attachment":[{"href":"https:\/\/congreso.seguridadpaciente.es\/2025\/wp-json\/wp\/v2\/media?parent=178"}],"curies":[{"name":"wp","href":"https:\/\/api.w.org\/{rel}","templated":true}]}}