{"id":49,"date":"2026-04-13T08:00:12","date_gmt":"2026-04-13T08:00:12","guid":{"rendered":"https:\/\/congreso.seguridadpaciente.es\/2026\/?page_id=49"},"modified":"2026-04-13T14:25:51","modified_gmt":"2026-04-13T14:25:51","slug":"aviso-legal","status":"publish","type":"page","link":"https:\/\/congreso.seguridadpaciente.es\/2026\/aviso-legal\/","title":{"rendered":"Aviso Legal"},"content":{"rendered":"\t\t<div data-elementor-type=\"wp-page\" data-elementor-id=\"49\" class=\"elementor elementor-49\">\n\t\t\t\t\t\t<section class=\"elementor-section elementor-top-section elementor-element elementor-element-1e596f8 elementor-section-boxed elementor-section-height-default elementor-section-height-default\" data-id=\"1e596f8\" data-element_type=\"section\" data-e-type=\"section\" data-settings=\"{&quot;jet_parallax_layout_list&quot;:[]}\">\n\t\t\t\t\t\t<div class=\"elementor-container elementor-column-gap-default\">\n\t\t\t\t\t<div class=\"elementor-column elementor-col-100 elementor-top-column elementor-element elementor-element-19d744a\" data-id=\"19d744a\" data-element_type=\"column\" data-e-type=\"column\">\n\t\t\t<div class=\"elementor-widget-wrap elementor-element-populated\">\n\t\t\t\t\t\t<div class=\"elementor-element elementor-element-f5649be elementor-widget elementor-widget-jet-breadcrumbs\" data-id=\"f5649be\" data-element_type=\"widget\" data-e-type=\"widget\" data-widget_type=\"jet-breadcrumbs.default\">\n\t\t\t\t<div class=\"elementor-widget-container\">\n\t\t\t\t\t<div class=\"elementor-jet-breadcrumbs jet-blocks\">\n\t\t<div class=\"jet-breadcrumbs\">\n\t\t<div class=\"jet-breadcrumbs__content\">\n\t\t<div class=\"jet-breadcrumbs__wrap\"><div class=\"jet-breadcrumbs__item\"><a href=\"https:\/\/congreso.seguridadpaciente.es\/2026\/\" class=\"jet-breadcrumbs__item-link is-home\" rel=\"home\" title=\"Jornada Seguridad del Paciente 2026\">Jornada Seguridad del Paciente 2026<\/a><\/div>\n\t\t<\/div>\n\t\t<\/div>\n\t\t<\/div><\/div>\t\t\t\t<\/div>\n\t\t\t\t<\/div>\n\t\t\t\t\t<\/div>\n\t\t<\/div>\n\t\t\t\t\t<\/div>\n\t\t<\/section>\n\t\t\t\t<section class=\"elementor-section elementor-top-section elementor-element elementor-element-6328f71a elementor-section-boxed elementor-section-height-default elementor-section-height-default\" data-id=\"6328f71a\" data-element_type=\"section\" data-e-type=\"section\" data-settings=\"{&quot;jet_parallax_layout_list&quot;:[]}\">\n\t\t\t\t\t\t<div class=\"elementor-container elementor-column-gap-default\">\n\t\t\t\t\t<div class=\"elementor-column elementor-col-100 elementor-top-column elementor-element elementor-element-2bba3fa1\" data-id=\"2bba3fa1\" data-element_type=\"column\" data-e-type=\"column\">\n\t\t\t<div class=\"elementor-widget-wrap elementor-element-populated\">\n\t\t\t\t\t\t<div class=\"elementor-element elementor-element-ca6c93a elementor-widget elementor-widget-heading\" data-id=\"ca6c93a\" data-element_type=\"widget\" data-e-type=\"widget\" data-widget_type=\"heading.default\">\n\t\t\t\t<div class=\"elementor-widget-container\">\n\t\t\t\t\t<h3 class=\"elementor-heading-title elementor-size-default\">Aviso legal<\/h3>\t\t\t\t<\/div>\n\t\t\t\t<\/div>\n\t\t\t\t<div class=\"elementor-element elementor-element-21286ae1 elementor-widget elementor-widget-text-editor\" data-id=\"21286ae1\" data-element_type=\"widget\" data-e-type=\"widget\" data-widget_type=\"text-editor.default\">\n\t\t\t\t<div class=\"elementor-widget-container\">\n\t\t\t\t\t\t\t\t\t\n<p><strong>Informaci\u00f3n Legal<\/strong><\/p>\n\n<p>La p\u00e1gina web de la Jornada para la Seguridad del Paciente 2026, de la Estrategia para la Seguridad del Paciente de la Consejer\u00eda de Sanidad, Presidencia y Emergencias de Andaluc\u00eda, est\u00e1 gestionada por la Escuela Andaluza de Salud P\u00fablica (en adelante EASP), que en cumplimiento de lo dispuesto en el art\u00edculo 10 de la Ley 34\/2002, de 11 de julio, de Servicios de la Sociedad de la Informaci\u00f3n y Comercio Electr\u00f3nico (LSSICE), pone a disposici\u00f3n del p\u00fablico, sus datos identificativos.<\/p>\n\n<ul class=\"wp-block-list\">\n<li>Denominaci\u00f3n social: Escuela Andaluza de Salud P\u00fablica S.A.<\/li>\n<li>Domicilio social: Calle Cuesta del Observatorio 4, Granada. Espa\u00f1a<\/li>\n<li>Tel\u00e9fono: +34 958 027 400<\/li>\n<li>NIF: A18049635<\/li>\n<li>Email: comunicacion.easp@juntadeandalucia.es<\/li>\n<li>Datos de inscripci\u00f3n en el registro mercantil: Registro Mercantil de Granada, Folio 69, Tomo 611 de sociedades, Hoja GR-6943, Inscripci\u00f3n sexta.<\/li>\n<\/ul>\n\n<p><strong>Cookies<\/strong><\/p>\n\n<p>A trav\u00e9s de este sitio web no se recaban datos de car\u00e1cter personal de los usuarios sin su conocimiento, ni se ceden a terceros.<\/p>\n\n<p>Con la finalidad de ofrecerle el mejor servicio y con el objeto de facilitar el uso, se analizan el n\u00famero de p\u00e1ginas visitadas, el n\u00famero de visitas, as\u00ed como la actividad de los visitantes y su frecuencia de utilizaci\u00f3n. A estos efectos, la EASP utiliza la informaci\u00f3n estad\u00edstica elaborada por el Proveedor de Servicios de Internet.<\/p>\n\n<p>La EASP no utiliza cookies para recoger informaci\u00f3n de los usuarios, ni registra las direcciones IP de acceso. \u00danicamente se utilizan cookies propias, de sesi\u00f3n, con finalidad t\u00e9cnica (aquellas que permiten al usuario la navegaci\u00f3n a trav\u00e9s del sitio web y la utilizaci\u00f3n de las diferentes opciones y servicios que en ella existen).<\/p>\n\n<p>Los portales de los que son titulares la EASP contienen enlaces a sitios web de terceros, cuyas pol\u00edticas de privacidad son ajenas a la de la EASP. Al acceder a tales sitios web usted puede decidir si acepta sus pol\u00edticas de privacidad y de cookies. Con car\u00e1cter general, si navega por internet usted puede aceptar o rechazar las cookies de terceros desde las opciones de configuraci\u00f3n de su navegador.<\/p>\n\n<p><strong>Propiedad Intelectual<\/strong><\/p>\n\n<p>Los contenidos de nuestras p\u00e1ginas webs, por ejemplo textos, im\u00e1genes, gr\u00e1ficos o c\u00f3digo fuente, est\u00e1n protegidos por derechos de propiedad intelectual e industrial.<\/p>\n\n<p>Tales contenidos no podr\u00e1n ser por ejemplo reproducidos o transformados sin el permiso previo y expl\u00edcito de la EASP o de la Consejer\u00eda de Sanidad, Presidencia y Emergencias.<\/p>\n\n<p>La EASP cuenta con una licencia legal de CEDRO que permite el uso de los textos (art\u00edculos, cap\u00edtulos de libros, etc.) por el alumnado en el \u00e1mbito cerrado y privado de esta actividad docente. El alumnado no puede distribuirlo, difundirlo, ni utilizarlo para otros prop\u00f3sitos.<\/p>\n\n<p>Todos los materiales audiovisuales utilizados en esta obra son propiedad de sus respectivos autores.<\/p>\n\t\t\t\t\t\t\t\t<\/div>\n\t\t\t\t<\/div>\n\t\t\t\t\t<\/div>\n\t\t<\/div>\n\t\t\t\t\t<\/div>\n\t\t<\/section>\n\t\t\t\t<\/div>\n\t\t","protected":false},"excerpt":{"rendered":"<p>Jornada Seguridad del Paciente 2026 Aviso legal Informaci\u00f3n Legal La p\u00e1gina web de la Jornada para la Seguridad del Paciente 2026, de la Estrategia para la Seguridad del Paciente de la Consejer\u00eda de Sanidad, Presidencia y Emergencias de Andaluc\u00eda, est\u00e1 gestionada por la Escuela Andaluza de Salud P\u00fablica (en adelante EASP), que en cumplimiento de [&hellip;]<\/p>\n","protected":false},"author":1,"featured_media":0,"parent":0,"menu_order":0,"comment_status":"closed","ping_status":"closed","template":"","meta":{"footnotes":""},"class_list":["post-49","page","type-page","status-publish","hentry"],"_links":{"self":[{"href":"https:\/\/congreso.seguridadpaciente.es\/2026\/wp-json\/wp\/v2\/pages\/49","targetHints":{"allow":["GET"]}}],"collection":[{"href":"https:\/\/congreso.seguridadpaciente.es\/2026\/wp-json\/wp\/v2\/pages"}],"about":[{"href":"https:\/\/congreso.seguridadpaciente.es\/2026\/wp-json\/wp\/v2\/types\/page"}],"author":[{"embeddable":true,"href":"https:\/\/congreso.seguridadpaciente.es\/2026\/wp-json\/wp\/v2\/users\/1"}],"replies":[{"embeddable":true,"href":"https:\/\/congreso.seguridadpaciente.es\/2026\/wp-json\/wp\/v2\/comments?post=49"}],"version-history":[{"count":8,"href":"https:\/\/congreso.seguridadpaciente.es\/2026\/wp-json\/wp\/v2\/pages\/49\/revisions"}],"predecessor-version":[{"id":567,"href":"https:\/\/congreso.seguridadpaciente.es\/2026\/wp-json\/wp\/v2\/pages\/49\/revisions\/567"}],"wp:attachment":[{"href":"https:\/\/congreso.seguridadpaciente.es\/2026\/wp-json\/wp\/v2\/media?parent=49"}],"curies":[{"name":"wp","href":"https:\/\/api.w.org\/{rel}","templated":true}]}}